{"id":12,"date":"2021-02-02T11:52:55","date_gmt":"2021-02-02T10:52:55","guid":{"rendered":"http:\/\/www.unjourunemarque.com\/?page_id=12"},"modified":"2021-02-02T14:30:20","modified_gmt":"2021-02-02T13:30:20","slug":"le-nouveau-e-mucem-ouvre-ses-portes-2","status":"publish","type":"page","link":"https:\/\/www.unjourunemarque.com\/","title":{"rendered":"HowTo: Flux Lengow vers MarketPlaces"},"content":{"rendered":"\n<div class=\"wp-block-group alignwide\"><div class=\"wp-block-group__inner-container is-layout-flow wp-block-group-is-layout-flow\">\n<h2 class=\"has-text-align-left wp-block-heading\"><a href=\"http:\/\/www.unjourunemarque.com\/index.php\/lengow-vers-amazon-seller\/\" data-type=\"URL\" data-id=\"http:\/\/www.unjourunemarque.com\/index.php\/lengow-vers-amazon-seller\/\">&#8211; Lengow vers Amazon Seller<\/a><\/h2>\n\n\n\n<h2 class=\"has-text-align-left wp-block-heading\">&#8211; Lengow vers CDiscount<\/h2>\n\n\n\n<h2 class=\"has-text-align-left wp-block-heading\">&#8211; Lengow vers Darty<\/h2>\n\n\n\n<p><\/p>\n<\/div><\/div>\n\n\n\n<div class=\"wp-block-columns alignwide is-layout-flex wp-container-core-columns-is-layout-9d6595d7 wp-block-columns-is-layout-flex\">\n<div class=\"wp-block-column is-layout-flow wp-block-column-is-layout-flow\">\n<div class=\"wp-block-group\"><div class=\"wp-block-group__inner-container is-layout-flow wp-block-group-is-layout-flow\">\n<figure class=\"wp-block-image alignfull size-large\"><img loading=\"lazy\" decoding=\"async\" width=\"1024\" height=\"728\" src=\"http:\/\/www.unjourunemarque.com\/wp-content\/uploads\/2021\/02\/Capture-decran-2020-06-21-a-20.01.47-1024x728.png\" alt=\"\" class=\"wp-image-66\" srcset=\"https:\/\/www.unjourunemarque.com\/wp-content\/uploads\/2021\/02\/Capture-decran-2020-06-21-a-20.01.47-1024x728.png 1024w, https:\/\/www.unjourunemarque.com\/wp-content\/uploads\/2021\/02\/Capture-decran-2020-06-21-a-20.01.47-300x213.png 300w, https:\/\/www.unjourunemarque.com\/wp-content\/uploads\/2021\/02\/Capture-decran-2020-06-21-a-20.01.47-768x546.png 768w, https:\/\/www.unjourunemarque.com\/wp-content\/uploads\/2021\/02\/Capture-decran-2020-06-21-a-20.01.47.png 1120w\" sizes=\"auto, (max-width: 1024px) 100vw, 1024px\" \/><figcaption>HKoenig<\/figcaption><\/figure>\n\n\n\n<figure class=\"wp-block-image alignfull size-full\"><img decoding=\"async\" src=\"http:\/\/www.unjourunemarque.com\/wp-content\/themes\/twentytwenty\/assets\/images\/2020-three-quarters-1.png\" alt=\"\" class=\"wp-image-37\"\/><\/figure>\n\n\n\n<figure class=\"wp-block-image alignfull size-full\"><img decoding=\"async\" src=\"http:\/\/www.unjourunemarque.com\/wp-content\/themes\/twentytwenty\/assets\/images\/2020-three-quarters-1.png\" alt=\"\" class=\"wp-image-37\"\/><\/figure>\n\n\n\n<h3 class=\"wp-block-heading\">Travaux et jours<\/h3>\n\n\n\n<p>1er ao\u00fbt au 1er d\u00e9cembre<\/p>\n\n\n\n<div class=\"wp-block-button is-style-outline is-style-outline--1\"><a class=\"wp-block-button__link\" href=\"https:\/\/make.wordpress.org\/core\/2019\/09\/27\/block-editor-theme-related-updates-in-wordpress-5-3\/\">Lire la suite<\/a><\/div>\n<\/div><\/div>\n\n\n\n<div class=\"wp-block-group\"><div class=\"wp-block-group__inner-container is-layout-flow wp-block-group-is-layout-flow\">\n<figure class=\"wp-block-image alignfull size-full\"><img decoding=\"async\" src=\"http:\/\/www.unjourunemarque.com\/wp-content\/themes\/twentytwenty\/assets\/images\/2020-three-quarters-3.png\" alt=\"\" class=\"wp-image-37\"\/><\/figure>\n\n\n\n<h3 class=\"wp-block-heading\">Th\u00e9\u00e2tre des op\u00e9rations<\/h3>\n\n\n\n<p>1er octobre au 1er d\u00e9cembre<\/p>\n\n\n\n<div class=\"wp-block-button is-style-outline is-style-outline--2\"><a class=\"wp-block-button__link\" href=\"https:\/\/make.wordpress.org\/core\/2019\/09\/27\/block-editor-theme-related-updates-in-wordpress-5-3\/\">Lire la suite<\/a><\/div>\n<\/div><\/div>\n<\/div>\n\n\n\n<div class=\"wp-block-column is-layout-flow wp-block-column-is-layout-flow\">\n<div class=\"wp-block-group\"><div class=\"wp-block-group__inner-container is-layout-flow wp-block-group-is-layout-flow\">\n<figure class=\"wp-block-image alignfull size-full\"><img decoding=\"async\" src=\"http:\/\/www.unjourunemarque.com\/wp-content\/themes\/twentytwenty\/assets\/images\/2020-three-quarters-2.png\" alt=\"\" class=\"wp-image-37\"\/><\/figure>\n\n\n\n<h3 class=\"wp-block-heading\">La vie que je m\u00e9rite<\/h3>\n\n\n\n<p>1er ao\u00fbt au 1er d\u00e9cembre<\/p>\n\n\n\n<div class=\"wp-block-button is-style-outline is-style-outline--3\"><a class=\"wp-block-button__link\" href=\"https:\/\/make.wordpress.org\/core\/2019\/09\/27\/block-editor-theme-related-updates-in-wordpress-5-3\/\">Lire la suite<\/a><\/div>\n<\/div><\/div>\n\n\n\n<div class=\"wp-block-group\"><div class=\"wp-block-group__inner-container is-layout-flow wp-block-group-is-layout-flow\">\n<figure class=\"wp-block-image alignfull size-full\"><img decoding=\"async\" src=\"http:\/\/www.unjourunemarque.com\/wp-content\/themes\/twentytwenty\/assets\/images\/2020-three-quarters-4.png\" alt=\"\" class=\"wp-image-37\"\/><\/figure>\n\n\n\n<h3 class=\"wp-block-heading\">De Signac \u00e0 Matisse<\/h3>\n\n\n\n<p>1er octobre au 1er d\u00e9cembre<\/p>\n\n\n\n<div class=\"wp-block-button is-style-outline is-style-outline--4\"><a class=\"wp-block-button__link\" href=\"https:\/\/make.wordpress.org\/core\/2019\/09\/27\/block-editor-theme-related-updates-in-wordpress-5-3\/\">Lire la suite<\/a><\/div>\n<\/div><\/div>\n<\/div>\n<\/div>\n\n\n\n<figure class=\"wp-block-image alignfull size-full\"><img decoding=\"async\" src=\"http:\/\/www.unjourunemarque.com\/wp-content\/themes\/twentytwenty\/assets\/images\/2020-landscape-2.png\" alt=\"\" class=\"wp-image-37\"\/><\/figure>\n\n\n\n<div class=\"wp-block-group alignwide\"><div class=\"wp-block-group__inner-container is-layout-flow wp-block-group-is-layout-flow\">\n<h2 class=\"has-text-align-center has-accent-color has-text-color wp-block-heading\">\u00ab&nbsp;Les cyborgs, comme l\u2019a fait remarquer la philosophe Donna Haraway, ne sont pas respectueux. Ils ne se souviennent pas du cosmos.&nbsp;\u00bb<\/h2>\n<\/div><\/div>\n\n\n\n<p class=\"has-drop-cap\">Avec ses sept \u00e9tages d\u2019architecture remarquable, le E-Mucem pr\u00e9sente des expositions d\u2019art contemporain international, parfois accompagn\u00e9es de r\u00e9trospectives sur l\u2019histoire de l\u2019art. Les questions existentielles, politiques et philosophiques font partie int\u00e9grante de notre programme. En tant que visiteur, vous \u00eates invit\u00e9 \u00e0 des visites guid\u00e9es, des conf\u00e9rences, des projections de films et d\u2019autres \u00e9v\u00e8nements avec entr\u00e9e gratuite.<\/p>\n\n\n\n<p>Les expositions sont produites par le E-Mucem en collaboration avec des artistes et des mus\u00e9es du monde entier et attirent souvent l\u2019attention internationale. Le E-Mucem a re\u00e7u une mention sp\u00e9ciale du Mus\u00e9e europ\u00e9en de l\u2019ann\u00e9e et a \u00e9t\u00e9 l\u2019un des meilleurs candidats pour le Prix du Mus\u00e9e m\u00e9diterran\u00e9en de l\u2019ann\u00e9e ainsi que pour le Prix du Mus\u00e9e du Conseil de l\u2019Europe.<\/p>\n\n\n\n<p><\/p>\n\n\n\n<div class=\"wp-block-group alignwide has-background\" style=\"background-color:#ffffff\"><div class=\"wp-block-group__inner-container is-layout-flow wp-block-group-is-layout-flow\">\n<div class=\"wp-block-group\"><div class=\"wp-block-group__inner-container is-layout-flow wp-block-group-is-layout-flow\">\n<h2 class=\"has-text-align-center wp-block-heading\">Devenez membre et obtenez des offres exclusives&nbsp;!<\/h2>\n\n\n\n<p class=\"has-text-align-center\">Les adh\u00e9rent\u00b7es ont acc\u00e8s \u00e0 des expositions et des ventes exclusives. Notre abonnement co\u00fbtent $99.99 et est factur\u00e9 annuellement.<\/p>\n\n\n\n<div class=\"wp-block-button aligncenter\"><a class=\"wp-block-button__link\" href=\"https:\/\/make.wordpress.org\/core\/2019\/09\/27\/block-editor-theme-related-updates-in-wordpress-5-3\/\">Rejoignez le club<\/a><\/div>\n<\/div><\/div>\n<\/div><\/div>\n\n\n\n<figure class=\"wp-block-gallery alignwide columns-2 is-cropped wp-block-gallery-5 is-layout-flex wp-block-gallery-is-layout-flex\"><ul class=\"blocks-gallery-grid\"><li class=\"blocks-gallery-item\"><figure><img decoding=\"async\" src=\"http:\/\/www.unjourunemarque.com\/wp-content\/themes\/twentytwenty\/assets\/images\/2020-square-2.png\" alt=\"\" data-id=\"39\" data-full-url=\"http:\/\/www.unjourunemarque.com\/wp-content\/themes\/twentytwenty\/assets\/images\/2020-square-2.png\" data-link=\"assets\/images\/2020-square-2\/\" class=\"wp-image-39\"\/><\/figure><\/li><li class=\"blocks-gallery-item\"><figure><img decoding=\"async\" src=\"http:\/\/www.unjourunemarque.com\/wp-content\/themes\/twentytwenty\/assets\/images\/2020-square-1.png\" alt=\"\" data-id=\"38\" data-full-url=\"http:\/\/www.unjourunemarque.com\/wp-content\/themes\/twentytwenty\/assets\/images\/2020-square-1.png\" data-link=\"http:\/\/www.unjourunemarque.com\/wp-content\/themes\/twentytwenty\/assets\/images\/2020-square-1\/\" class=\"wp-image-38\"\/><\/figure><\/li><\/ul><\/figure>\n","protected":false},"excerpt":{"rendered":"<p>&#8211; Lengow vers Amazon Seller &#8211; Lengow vers CDiscount &#8211; Lengow vers Darty Travaux et jours 1er ao\u00fbt au 1er d\u00e9cembre Th\u00e9\u00e2tre des op\u00e9rations 1er octobre au 1er d\u00e9cembre La vie que je m\u00e9rite 1er ao\u00fbt au 1er d\u00e9cembre De Signac \u00e0 Matisse 1er octobre au 1er d\u00e9cembre \u00ab&nbsp;Les cyborgs, comme l\u2019a fait remarquer la &#8230; <a title=\"HowTo: Flux Lengow vers MarketPlaces\" class=\"read-more\" href=\"https:\/\/www.unjourunemarque.com\/\">Read more<span class=\"screen-reader-text\">HowTo: Flux Lengow vers MarketPlaces<\/span><\/a><\/p>\n","protected":false},"author":1,"featured_media":11,"parent":0,"menu_order":0,"comment_status":"closed","ping_status":"closed","template":"","meta":{"footnotes":""},"class_list":["post-12","page","type-page","status-publish","has-post-thumbnail"],"_links":{"self":[{"href":"https:\/\/www.unjourunemarque.com\/index.php\/wp-json\/wp\/v2\/pages\/12","targetHints":{"allow":["GET"]}}],"collection":[{"href":"https:\/\/www.unjourunemarque.com\/index.php\/wp-json\/wp\/v2\/pages"}],"about":[{"href":"https:\/\/www.unjourunemarque.com\/index.php\/wp-json\/wp\/v2\/types\/page"}],"author":[{"embeddable":true,"href":"https:\/\/www.unjourunemarque.com\/index.php\/wp-json\/wp\/v2\/users\/1"}],"replies":[{"embeddable":true,"href":"https:\/\/www.unjourunemarque.com\/index.php\/wp-json\/wp\/v2\/comments?post=12"}],"version-history":[{"count":10,"href":"https:\/\/www.unjourunemarque.com\/index.php\/wp-json\/wp\/v2\/pages\/12\/revisions"}],"predecessor-version":[{"id":68,"href":"https:\/\/www.unjourunemarque.com\/index.php\/wp-json\/wp\/v2\/pages\/12\/revisions\/68"}],"wp:featuredmedia":[{"embeddable":true,"href":"https:\/\/www.unjourunemarque.com\/index.php\/wp-json\/wp\/v2\/media\/11"}],"wp:attachment":[{"href":"https:\/\/www.unjourunemarque.com\/index.php\/wp-json\/wp\/v2\/media?parent=12"}],"curies":[{"name":"wp","href":"https:\/\/api.w.org\/{rel}","templated":true}]}}